{"id":1013,"date":"2023-03-29T17:10:29","date_gmt":"2023-03-29T15:10:29","guid":{"rendered":"https:\/\/ophtalmo-chazay.com\/?page_id=1013"},"modified":"2023-10-23T14:09:57","modified_gmt":"2023-10-23T12:09:57","slug":"hypermetropie","status":"publish","type":"page","link":"https:\/\/ophtalmo-chazay.com\/index.php\/hypermetropie\/","title":{"rendered":"L&rsquo;Hyperm\u00e9tropie"},"content":{"rendered":"\t\t<div data-elementor-type=\"wp-page\" data-elementor-id=\"1013\" class=\"elementor elementor-1013\">\n\t\t\t\t\t\t<section class=\"elementor-section elementor-top-section elementor-element elementor-element-e228cf1 elementor-section-full_width elementor-section-stretched elementor-section-height-default elementor-section-height-default\" data-id=\"e228cf1\" data-element_type=\"section\" data-settings=\"{&quot;stretch_section&quot;:&quot;section-stretched&quot;,&quot;background_background&quot;:&quot;classic&quot;}\">\n\t\t\t\t\t\t<div class=\"elementor-container elementor-column-gap-default\">\n\t\t\t\t\t<div class=\"elementor-column elementor-col-100 elementor-top-column elementor-element elementor-element-cf5b73e\" data-id=\"cf5b73e\" data-element_type=\"column\" data-settings=\"{&quot;background_background&quot;:&quot;classic&quot;}\">\n\t\t\t<div class=\"elementor-widget-wrap elementor-element-populated\">\n\t\t\t\t\t\t<div class=\"elementor-element elementor-element-1ecb605 elementor-widget elementor-widget-heading\" data-id=\"1ecb605\" data-element_type=\"widget\" data-widget_type=\"heading.default\">\n\t\t\t\t<div class=\"elementor-widget-container\">\n\t\t\t\t\t<h1 class=\"elementor-heading-title elementor-size-default\">Les troubles de la vision<\/h1>\t\t\t\t<\/div>\n\t\t\t\t<\/div>\n\t\t\t\t<div class=\"elementor-element elementor-element-3461ddc elementor-widget elementor-widget-text-editor\" data-id=\"3461ddc\" data-element_type=\"widget\" data-widget_type=\"text-editor.default\">\n\t\t\t\t<div class=\"elementor-widget-container\">\n\t\t\t\t\t\t\t\t\t<h3>L&rsquo;hyperm\u00e9tropie<\/h3>\t\t\t\t\t\t\t\t<\/div>\n\t\t\t\t<\/div>\n\t\t\t\t\t<\/div>\n\t\t<\/div>\n\t\t\t\t\t<\/div>\n\t\t<\/section>\n\t\t\t\t<section class=\"elementor-section elementor-top-section elementor-element elementor-element-e02dc35 elementor-section-stretched elementor-section-boxed elementor-section-height-default elementor-section-height-default\" data-id=\"e02dc35\" data-element_type=\"section\" data-settings=\"{&quot;stretch_section&quot;:&quot;section-stretched&quot;,&quot;background_background&quot;:&quot;classic&quot;}\">\n\t\t\t\t\t\t<div class=\"elementor-container elementor-column-gap-default\">\n\t\t\t\t\t<div class=\"elementor-column elementor-col-50 elementor-top-column elementor-element elementor-element-401e55f\" data-id=\"401e55f\" data-element_type=\"column\" data-settings=\"{&quot;background_background&quot;:&quot;classic&quot;}\">\n\t\t\t<div class=\"elementor-widget-wrap elementor-element-populated\">\n\t\t\t\t\t\t<div class=\"elementor-element elementor-element-c9559dc elementor-widget elementor-widget-text-editor\" data-id=\"c9559dc\" data-element_type=\"widget\" data-widget_type=\"text-editor.default\">\n\t\t\t\t<div class=\"elementor-widget-container\">\n\t\t\t\t\t\t\t\t\t<p>L&rsquo;hyperm\u00e9tropie est un d\u00e9faut visuel <strong>fr\u00e9quent<\/strong>, elle est physiologique chez l&rsquo;enfant.<\/p><p>Au repos, l&rsquo;image observ\u00e9e par l&rsquo;oeil hyperm\u00e9trope est floue car elle se forme en <strong>arri\u00e8re<\/strong> de la r\u00e9tine. Mais gr\u00e2ce \u00e0 sa capacit\u00e9 \u00e0 faire la mise au point (c&rsquo;est l&rsquo;accommodation), l&rsquo;oeil hyperm\u00e9trope voit net de loin comme de pr\u00e8s.<\/p><p>Donc l\u2019hyperm\u00e9tropie consiste en une vision nette mais au prix d&rsquo;un effort.<\/p>\t\t\t\t\t\t\t\t<\/div>\n\t\t\t\t<\/div>\n\t\t\t\t\t<\/div>\n\t\t<\/div>\n\t\t\t\t<div class=\"elementor-column elementor-col-50 elementor-top-column elementor-element elementor-element-f24696e animated-slow\" data-id=\"f24696e\" data-element_type=\"column\" data-settings=\"{&quot;animation&quot;:&quot;none&quot;}\">\n\t\t\t<div class=\"elementor-widget-wrap elementor-element-populated\">\n\t\t\t\t\t\t<div class=\"elementor-element elementor-element-936b2c3 elementor-widget elementor-widget-image\" data-id=\"936b2c3\" data-element_type=\"widget\" data-settings=\"{&quot;_animation&quot;:&quot;none&quot;}\" data-widget_type=\"image.default\">\n\t\t\t\t<div class=\"elementor-widget-container\">\n\t\t\t\t\t\t\t\t\t\t\t\t\t\t\t<img fetchpriority=\"high\" decoding=\"async\" width=\"800\" height=\"413\" src=\"https:\/\/ophtalmo-chazay.com\/wp-content\/uploads\/2023\/03\/myopie-hypermetropie.webp\" class=\"attachment-large size-large wp-image-1015\" alt=\"Image d&#039;un sch\u00e9ma de l&#039;\u0153il et des lignes de l&#039;hyperm\u00e9tropie\" srcset=\"https:\/\/ophtalmo-chazay.com\/wp-content\/uploads\/2023\/03\/myopie-hypermetropie.webp 900w, https:\/\/ophtalmo-chazay.com\/wp-content\/uploads\/2023\/03\/myopie-hypermetropie-300x155.webp 300w, https:\/\/ophtalmo-chazay.com\/wp-content\/uploads\/2023\/03\/myopie-hypermetropie-768x397.webp 768w\" sizes=\"(max-width: 800px) 100vw, 800px\" \/>\t\t\t\t\t\t\t\t\t\t\t\t\t\t\t<\/div>\n\t\t\t\t<\/div>\n\t\t\t\t\t<\/div>\n\t\t<\/div>\n\t\t\t\t\t<\/div>\n\t\t<\/section>\n\t\t\t\t<section class=\"elementor-section elementor-top-section elementor-element elementor-element-e0eb50d elementor-section-stretched elementor-section-boxed elementor-section-height-default elementor-section-height-default\" data-id=\"e0eb50d\" data-element_type=\"section\" data-settings=\"{&quot;stretch_section&quot;:&quot;section-stretched&quot;,&quot;background_background&quot;:&quot;classic&quot;}\">\n\t\t\t\t\t\t<div class=\"elementor-container elementor-column-gap-default\">\n\t\t\t\t\t<div class=\"elementor-column elementor-col-100 elementor-top-column elementor-element elementor-element-d86c113\" data-id=\"d86c113\" data-element_type=\"column\" data-settings=\"{&quot;background_background&quot;:&quot;classic&quot;}\">\n\t\t\t<div class=\"elementor-widget-wrap elementor-element-populated\">\n\t\t\t\t\t\t<div class=\"elementor-element elementor-element-1991a3b elementor-widget elementor-widget-text-editor\" data-id=\"1991a3b\" data-element_type=\"widget\" data-widget_type=\"text-editor.default\">\n\t\t\t\t<div class=\"elementor-widget-container\">\n\t\t\t\t\t\t\t\t\t<h5><strong>Les signes de l\u2019hyperm\u00e9tropie :<\/strong><\/h5><p>Souvent l&rsquo;hyperm\u00e9tropie est bien compens\u00e9e chez l&rsquo;enfant et l&rsquo;adolescent et ne n\u00e9cessite pas de correction, mais dans certains cas l&rsquo;hyperm\u00e9tropie peut entrainer des plaintes visuelles telles que :<\/p><p>&#8211; Des <strong>maux de t\u00eate en fin de journ\u00e9e<\/strong> ou apr\u00e8s un effort visuel prolong\u00e9.<\/p><p>&#8211; Une <strong>fatigue visuelle<\/strong>, une vision floue de pr\u00e8s et\/ou de loin, surtout apr\u00e8s un effort en vision de pr\u00e8s (lecture, \u00e9cran&#8230;).<\/p><p><span style=\"color: var( --e-global-color-text ); font-family: var( --e-global-typography-text-font-family ), serif; font-size: inherit; font-style: var( --e-global-typography-text-font-style ); letter-spacing: var( --e-global-typography-text-letter-spacing ); text-align: inherit; text-transform: var( --e-global-typography-text-text-transform ); text-decoration: var( --e-global-typography-text-text-decoration );\">&#8211; Des <strong>d\u00e9mangeaisons oculaires<\/strong>, les yeux rouges en fin de journ\u00e9e et des clignements fr\u00e9quents.<\/span><\/p>\t\t\t\t\t\t\t\t<\/div>\n\t\t\t\t<\/div>\n\t\t\t\t\t<\/div>\n\t\t<\/div>\n\t\t\t\t\t<\/div>\n\t\t<\/section>\n\t\t\t\t<section class=\"elementor-section elementor-top-section elementor-element elementor-element-905ce81 elementor-section-stretched elementor-section-boxed elementor-section-height-default elementor-section-height-default\" data-id=\"905ce81\" data-element_type=\"section\" data-settings=\"{&quot;stretch_section&quot;:&quot;section-stretched&quot;,&quot;background_background&quot;:&quot;classic&quot;,&quot;animation&quot;:&quot;none&quot;}\">\n\t\t\t\t\t\t<div class=\"elementor-container elementor-column-gap-default\">\n\t\t\t\t\t<div class=\"elementor-column elementor-col-100 elementor-top-column elementor-element elementor-element-0c97006\" data-id=\"0c97006\" data-element_type=\"column\" data-settings=\"{&quot;background_background&quot;:&quot;classic&quot;}\">\n\t\t\t<div class=\"elementor-widget-wrap elementor-element-populated\">\n\t\t\t\t\t\t<div class=\"elementor-element elementor-element-db056f7 elementor-widget elementor-widget-text-editor\" data-id=\"db056f7\" data-element_type=\"widget\" data-settings=\"{&quot;_animation&quot;:&quot;none&quot;}\" data-widget_type=\"text-editor.default\">\n\t\t\t\t<div class=\"elementor-widget-container\">\n\t\t\t\t\t\t\t\t\t<h5><strong>Comment corriger l&rsquo;hyperm\u00e9tropie ?<\/strong><\/h5><p>L&rsquo;hyperm\u00e9tropie est corrig\u00e9e par des verres unifocaux ou des lentilles qui permettent de voir net sans forcer sur les yeux.<\/p><p>La fr\u00e9quence de port des lunettes sera d\u00e9termin\u00e9e avec l\u2019ophtalmologiste en fonction de la correction. Il est n\u00e9cessaire de porter les lunettes <strong>au minimum lors de la concentration en vision de pr\u00e8s<\/strong> (lecture, \u00e9crans, t\u00e9l\u00e9phone) et \u00e0 l\u2019\u00e9cole.<\/p><p>Les yeux peuvent avoir besoin de quelques jours pour s&rsquo;adapter aux nouvelles lunettes car ils doivent apprendre \u00e0 moins forcer, ce temps d\u2019adaptation est tout \u00e0 fait normal. <strong>Plus les lunettes sont port\u00e9es souvent, plus il sera facile de s\u2019y adapter.<\/strong><\/p>\t\t\t\t\t\t\t\t<\/div>\n\t\t\t\t<\/div>\n\t\t\t\t\t<\/div>\n\t\t<\/div>\n\t\t\t\t\t<\/div>\n\t\t<\/section>\n\t\t\t\t<\/div>\n\t\t","protected":false},"excerpt":{"rendered":"<p>Les troubles de la vision L&rsquo;hyperm\u00e9tropie L&rsquo;hyperm\u00e9tropie est un d\u00e9faut visuel fr\u00e9quent, elle est physiologique chez l&rsquo;enfant. Au repos, l&rsquo;image observ\u00e9e par l&rsquo;oeil hyperm\u00e9trope est floue car elle se forme en arri\u00e8re de la r\u00e9tine. Mais gr\u00e2ce \u00e0 sa capacit\u00e9 \u00e0 faire la mise au point (c&rsquo;est l&rsquo;accommodation), l&rsquo;oeil hyperm\u00e9trope voit net de loin comme [&hellip;]<\/p>\n","protected":false},"author":1,"featured_media":0,"parent":0,"menu_order":0,"comment_status":"closed","ping_status":"closed","template":"elementor_header_footer","meta":{"_acf_changed":false,"inline_featured_image":false,"_monsterinsights_skip_tracking":false,"_monsterinsights_sitenote_active":false,"_monsterinsights_sitenote_note":"","_monsterinsights_sitenote_category":0,"footnotes":""},"class_list":["post-1013","page","type-page","status-publish","hentry"],"acf":[],"aioseo_notices":[],"_links":{"self":[{"href":"https:\/\/ophtalmo-chazay.com\/index.php\/wp-json\/wp\/v2\/pages\/1013","targetHints":{"allow":["GET"]}}],"collection":[{"href":"https:\/\/ophtalmo-chazay.com\/index.php\/wp-json\/wp\/v2\/pages"}],"about":[{"href":"https:\/\/ophtalmo-chazay.com\/index.php\/wp-json\/wp\/v2\/types\/page"}],"author":[{"embeddable":true,"href":"https:\/\/ophtalmo-chazay.com\/index.php\/wp-json\/wp\/v2\/users\/1"}],"replies":[{"embeddable":true,"href":"https:\/\/ophtalmo-chazay.com\/index.php\/wp-json\/wp\/v2\/comments?post=1013"}],"version-history":[{"count":47,"href":"https:\/\/ophtalmo-chazay.com\/index.php\/wp-json\/wp\/v2\/pages\/1013\/revisions"}],"predecessor-version":[{"id":1328,"href":"https:\/\/ophtalmo-chazay.com\/index.php\/wp-json\/wp\/v2\/pages\/1013\/revisions\/1328"}],"wp:attachment":[{"href":"https:\/\/ophtalmo-chazay.com\/index.php\/wp-json\/wp\/v2\/media?parent=1013"}],"curies":[{"name":"wp","href":"https:\/\/api.w.org\/{rel}","templated":true}]}}