{"id":512,"date":"2023-03-15T13:10:40","date_gmt":"2023-03-15T12:10:40","guid":{"rendered":"http:\/\/ophtalmo-chazay.com\/?page_id=512"},"modified":"2023-10-24T17:24:33","modified_gmt":"2023-10-24T15:24:33","slug":"la-cataracte","status":"publish","type":"page","link":"https:\/\/ophtalmo-chazay.com\/index.php\/la-cataracte\/","title":{"rendered":"La cataracte"},"content":{"rendered":"\t\t<div data-elementor-type=\"wp-page\" data-elementor-id=\"512\" class=\"elementor elementor-512\">\n\t\t\t\t\t\t<section class=\"elementor-section elementor-top-section elementor-element elementor-element-4b1de00 elementor-section-stretched elementor-section-boxed elementor-section-height-default elementor-section-height-default\" data-id=\"4b1de00\" data-element_type=\"section\" data-settings=\"{&quot;stretch_section&quot;:&quot;section-stretched&quot;,&quot;background_background&quot;:&quot;classic&quot;}\">\n\t\t\t\t\t\t<div class=\"elementor-container elementor-column-gap-default\">\n\t\t\t\t\t<div class=\"elementor-column elementor-col-100 elementor-top-column elementor-element elementor-element-83560e3\" data-id=\"83560e3\" data-element_type=\"column\" data-settings=\"{&quot;background_background&quot;:&quot;classic&quot;}\">\n\t\t\t<div class=\"elementor-widget-wrap elementor-element-populated\">\n\t\t\t\t\t\t<div class=\"elementor-element elementor-element-a8ba10d elementor-widget elementor-widget-text-editor\" data-id=\"a8ba10d\" data-element_type=\"widget\" data-widget_type=\"text-editor.default\">\n\t\t\t\t<div class=\"elementor-widget-container\">\n\t\t\t\t\t\t\t\t\t<p>\u00a0<\/p><p class=\"p1\"><strong><span class=\"s1\">La cataracte correspond \u00e0 l\u2019opacification du cristallin (la lentille situ\u00e9e \u00e0 l\u2019int\u00e9rieur de l\u2019oeil). Cela entraine une baisse progressive de la vision, un \u00e9blouissement nocturne et une alt\u00e9ration de la vision des contrastes.<\/span><\/strong><\/p><p>\u00a0<\/p><p class=\"p1\"><span class=\"s1\"><b>QUI EST CONCERN\u00c9\u00a0?<\/b><\/span><\/p><p class=\"p1\">La cataracte est due au vieillissement de l\u2019oeil, elle touche principalement les personnes \u00e2g\u00e9es<strong> \u00e0 partir de 60 ans<\/strong>. Certaines formes de cataracte peuvent apparaitre plus t\u00f4t, secondairement \u00e0 un traumatisme de l\u2019oeil, au diab\u00e8te ou apr\u00e8s une chirurgie de l\u2019oeil.<\/p><p>\u00a0<\/p><p class=\"p1\"><span class=\"s1\"><b>LA PRISE EN CHARGE :<\/b><\/span><\/p><p class=\"p1\">Arriv\u00e9e \u00e0 un stade avanc\u00e9, la baisse de vision entrain\u00e9e par la cataracte n\u2019est g\u00e9n\u00e9ralement pas am\u00e9liorable avec des lunettes ou des lentilles. La vision ne peut \u00eatre restaur\u00e9e que par une intervention chirurgicale.<\/p><p class=\"p1\">L\u2019op\u00e9ration de la cataracte ne constitue pas une urgence car le pronostic de l\u2019oeil n\u2019est pas engag\u00e9. En revanche, non op\u00e9r\u00e9e celle-ci continue d\u2019\u00e9voluer et entraine une baisse de vision de plus en plus profonde et une perte d\u2019autonomie.<\/p><p class=\"p1\"><strong>La chirurgie de la cataracte s\u2019effectue en ambulatoire, sous anesth\u00e9sie locale.<\/strong> G\u00e9n\u00e9ralement, le chirurgien op\u00e8re un oeil puis l&rsquo;autre \u00e0 une semaine d\u2019intervalle. L\u2019op\u00e9ration consiste \u00e0 retirer le cristallin opaque et \u00e0 le remplacer par un implant qui pourra corriger la vision de loin et\/ou de pr\u00e8s. <strong>Il existe plusieurs types d\u2019implants, le choix de l\u2019implant sera \u00e0 discuter avec le chirurgien lors du bilan pr\u00e9-op\u00e9ratoire.<\/strong><\/p>\t\t\t\t\t\t\t\t<\/div>\n\t\t\t\t<\/div>\n\t\t\t\t\t<\/div>\n\t\t<\/div>\n\t\t\t\t\t<\/div>\n\t\t<\/section>\n\t\t\t\t<\/div>\n\t\t","protected":false},"excerpt":{"rendered":"<p>\u00a0 La cataracte correspond \u00e0 l\u2019opacification du cristallin (la lentille situ\u00e9e \u00e0 l\u2019int\u00e9rieur de l\u2019oeil). Cela entraine une baisse progressive de la vision, un \u00e9blouissement nocturne et une alt\u00e9ration de la vision des contrastes. \u00a0 QUI EST CONCERN\u00c9\u00a0? La cataracte est due au vieillissement de l\u2019oeil, elle touche principalement les personnes \u00e2g\u00e9es \u00e0 partir de [&hellip;]<\/p>\n","protected":false},"author":1,"featured_media":0,"parent":0,"menu_order":0,"comment_status":"closed","ping_status":"closed","template":"","meta":{"_acf_changed":false,"inline_featured_image":false,"_monsterinsights_skip_tracking":false,"_monsterinsights_sitenote_active":false,"_monsterinsights_sitenote_note":"","_monsterinsights_sitenote_category":0,"footnotes":""},"class_list":["post-512","page","type-page","status-publish","hentry"],"acf":[],"aioseo_notices":[],"_links":{"self":[{"href":"https:\/\/ophtalmo-chazay.com\/index.php\/wp-json\/wp\/v2\/pages\/512","targetHints":{"allow":["GET"]}}],"collection":[{"href":"https:\/\/ophtalmo-chazay.com\/index.php\/wp-json\/wp\/v2\/pages"}],"about":[{"href":"https:\/\/ophtalmo-chazay.com\/index.php\/wp-json\/wp\/v2\/types\/page"}],"author":[{"embeddable":true,"href":"https:\/\/ophtalmo-chazay.com\/index.php\/wp-json\/wp\/v2\/users\/1"}],"replies":[{"embeddable":true,"href":"https:\/\/ophtalmo-chazay.com\/index.php\/wp-json\/wp\/v2\/comments?post=512"}],"version-history":[{"count":64,"href":"https:\/\/ophtalmo-chazay.com\/index.php\/wp-json\/wp\/v2\/pages\/512\/revisions"}],"predecessor-version":[{"id":1396,"href":"https:\/\/ophtalmo-chazay.com\/index.php\/wp-json\/wp\/v2\/pages\/512\/revisions\/1396"}],"wp:attachment":[{"href":"https:\/\/ophtalmo-chazay.com\/index.php\/wp-json\/wp\/v2\/media?parent=512"}],"curies":[{"name":"wp","href":"https:\/\/api.w.org\/{rel}","templated":true}]}}